{"id":68,"date":"2017-01-30T19:53:44","date_gmt":"2017-01-30T18:53:44","guid":{"rendered":"http:\/\/mpca-tonybeaugrand.com\/?page_id=68"},"modified":"2026-03-12T12:25:50","modified_gmt":"2026-03-12T11:25:50","slug":"mes-clients","status":"publish","type":"page","link":"https:\/\/mpca-tonybeaugrand.com\/index.php\/mes-clients\/","title":{"rendered":"Mes clients"},"content":{"rendered":"<p>Voici sur cette page mes clients et les diff\u00e9rentes structures qui me font confiance et avec qui je travaille tout au long de l&#8217;ann\u00e9e.<\/p>\n<p><a href=\"http:\/\/www.tinseau.com\/\" target=\"_blank\" rel=\"noopener noreferrer\"><img loading=\"lazy\" class=\"alignnone wp-image-235 size-full\" src=\"http:\/\/mpca-tonybeaugrand.com\/wp-content\/uploads\/2017\/08\/logo-tinseau.png\" alt=\"\" width=\"150\" height=\"122\" \/><\/a><\/p>\n<p>Christophe Tinseau avec qui je travaille sur ses journ\u00e9es, les Tinseau Test Days, depuis mes d\u00e9buts.<\/p>\n<p><a href=\"http:\/\/www.porsche-experience-center.fr\/\" target=\"_blank\" rel=\"noopener noreferrer\"><img loading=\"lazy\" class=\"alignnone wp-image-264 size-medium\" src=\"http:\/\/mpca-tonybeaugrand.com\/wp-content\/uploads\/2017\/01\/porsche-experience-center-1-300x122.jpg\" alt=\"\" width=\"300\" height=\"122\" srcset=\"https:\/\/mpca-tonybeaugrand.com\/wp-content\/uploads\/2017\/01\/porsche-experience-center-1-300x122.jpg 300w, https:\/\/mpca-tonybeaugrand.com\/wp-content\/uploads\/2017\/01\/porsche-experience-center-1-768x311.jpg 768w, https:\/\/mpca-tonybeaugrand.com\/wp-content\/uploads\/2017\/01\/porsche-experience-center-1-1024x415.jpg 1024w\" sizes=\"(max-width: 300px) 100vw, 300px\" \/><\/a><\/p>\n<p>Le Porsche Experience Center o\u00f9 j&#8217;interviens depuis 10 ans.<\/p>\n<p><a href=\"http:\/\/www.lemansdriver.fr\/\" target=\"_blank\" rel=\"noopener noreferrer\"><img loading=\"lazy\" class=\"alignnone wp-image-248 size-thumbnail\" src=\"http:\/\/mpca-tonybeaugrand.com\/wp-content\/uploads\/2017\/01\/ACO-150x150.png\" alt=\"\" width=\"150\" height=\"150\" srcset=\"https:\/\/mpca-tonybeaugrand.com\/wp-content\/uploads\/2017\/01\/ACO-150x150.png 150w, https:\/\/mpca-tonybeaugrand.com\/wp-content\/uploads\/2017\/01\/ACO-300x300.png 300w, https:\/\/mpca-tonybeaugrand.com\/wp-content\/uploads\/2017\/01\/ACO-250x250.png 250w, https:\/\/mpca-tonybeaugrand.com\/wp-content\/uploads\/2017\/01\/ACO-174x174.png 174w, https:\/\/mpca-tonybeaugrand.com\/wp-content\/uploads\/2017\/01\/ACO.png 440w\" sizes=\"(max-width: 150px) 100vw, 150px\" \/><\/a><\/p>\n<p>L&#8217;ACO (L&#8217;Automobile Club de l&#8217;Ouest) qui me fait confiance depuis 2014.<\/p>\n<p><a href=\"https:\/\/www.parisautoevents.com\/\" target=\"_blank\" rel=\"noopener noreferrer\"><img loading=\"lazy\" class=\"alignnone wp-image-276 size-thumbnail\" src=\"http:\/\/mpca-tonybeaugrand.com\/wp-content\/uploads\/2018\/04\/logos-EF-PAE-EFCAM-150x150.jpg\" alt=\"\" width=\"150\" height=\"150\" srcset=\"https:\/\/mpca-tonybeaugrand.com\/wp-content\/uploads\/2018\/04\/logos-EF-PAE-EFCAM-150x150.jpg 150w, https:\/\/mpca-tonybeaugrand.com\/wp-content\/uploads\/2018\/04\/logos-EF-PAE-EFCAM-250x250.jpg 250w, https:\/\/mpca-tonybeaugrand.com\/wp-content\/uploads\/2018\/04\/logos-EF-PAE-EFCAM-174x174.jpg 174w\" sizes=\"(max-width: 150px) 100vw, 150px\" \/><\/a><\/p>\n<p>Event &amp; Formation, filiale de l\u2019UTAC CERAM pour les activit\u00e9s li\u00e9es \u00e0 la formation \u00e0 la conduite automobile et \u00e0 l\u2019\u00e9v\u00e8nementiel o\u00f9 j&#8217;exerce depuis 2015 pour leurs 2 marques : Paris Auto Event &amp; EFCAM.<\/p>\n<p><a href=\"http:\/\/www.club-porsche-france-motorsport.fr\/PorscheClubs\/pc_motorsport_france\/pc_main.nsf\/web\/C125794F0032336FC12575A1004B8507\" target=\"_blank\" rel=\"noopener noreferrer\"><img loading=\"lazy\" class=\"alignnone wp-image-236 size-medium\" src=\"http:\/\/mpca-tonybeaugrand.com\/wp-content\/uploads\/2017\/08\/MotorsportHD-300x93.jpg\" alt=\"\" width=\"300\" height=\"93\" srcset=\"https:\/\/mpca-tonybeaugrand.com\/wp-content\/uploads\/2017\/08\/MotorsportHD-300x93.jpg 300w, https:\/\/mpca-tonybeaugrand.com\/wp-content\/uploads\/2017\/08\/MotorsportHD-768x239.jpg 768w, https:\/\/mpca-tonybeaugrand.com\/wp-content\/uploads\/2017\/08\/MotorsportHD-1024x319.jpg 1024w\" sizes=\"(max-width: 300px) 100vw, 300px\" \/><\/a><\/p>\n<p>Le Porsche Club Motorsport France, o\u00f9 j&#8217;\u00e9tais moniteur sur les saisons 2015 et 2016. J&#8217;ai \u00e9galement particip\u00e9 au championnat BRM en 2015.<\/p>\n<p>et d&#8217;autres structures et agences \u00e9v\u00e9nementielles pour diff\u00e9rents constructeurs automobiles ainsi que des particuliers pour des coaching et pr\u00e9paration \u00e0 des courses:<\/p>\n<p>Alfa Romeo, Citro\u00ebn, DS, Ferrari, Ford, Hyundai, Infinity, Jaguar, KIA, Land Rover, Mini, Peugeot, Porsche, Renault, Volvo Polestar, &#8230;<\/p>\n<p>et manufacturier :<\/p>\n<p>Continental.<\/p>\n","protected":false},"excerpt":{"rendered":"<p>Voici sur cette page mes clients et les diff\u00e9rentes structures qui me font confiance et avec qui je travaille tout au long de l&#8217;ann\u00e9e. Christophe Tinseau avec qui je travaille sur ses journ\u00e9es, les Tinseau Test Days, depuis mes d\u00e9buts. Le Porsche Experience Center o\u00f9 j&#8217;interviens depuis 10 ans. L&#8217;ACO (L&#8217;Automobile Club de l&#8217;Ouest) qui <a href=\"https:\/\/mpca-tonybeaugrand.com\/index.php\/mes-clients\/\" rel=\"nofollow\"><span class=\"sr-only\">Read more about Mes clients<\/span>[&hellip;]<\/a><\/p>\n","protected":false},"author":3,"featured_media":0,"parent":0,"menu_order":0,"comment_status":"closed","ping_status":"closed","template":"","meta":[],"_links":{"self":[{"href":"https:\/\/mpca-tonybeaugrand.com\/index.php\/wp-json\/wp\/v2\/pages\/68"}],"collection":[{"href":"https:\/\/mpca-tonybeaugrand.com\/index.php\/wp-json\/wp\/v2\/pages"}],"about":[{"href":"https:\/\/mpca-tonybeaugrand.com\/index.php\/wp-json\/wp\/v2\/types\/page"}],"author":[{"embeddable":true,"href":"https:\/\/mpca-tonybeaugrand.com\/index.php\/wp-json\/wp\/v2\/users\/3"}],"replies":[{"embeddable":true,"href":"https:\/\/mpca-tonybeaugrand.com\/index.php\/wp-json\/wp\/v2\/comments?post=68"}],"version-history":[{"count":29,"href":"https:\/\/mpca-tonybeaugrand.com\/index.php\/wp-json\/wp\/v2\/pages\/68\/revisions"}],"predecessor-version":[{"id":360,"href":"https:\/\/mpca-tonybeaugrand.com\/index.php\/wp-json\/wp\/v2\/pages\/68\/revisions\/360"}],"wp:attachment":[{"href":"https:\/\/mpca-tonybeaugrand.com\/index.php\/wp-json\/wp\/v2\/media?parent=68"}],"curies":[{"name":"wp","href":"https:\/\/api.w.org\/{rel}","templated":true}]}}