{"id":313,"date":"2021-10-15T15:56:14","date_gmt":"2021-10-15T13:56:14","guid":{"rendered":"http:\/\/mpca-tonybeaugrand.com\/?page_id=313"},"modified":"2026-03-12T12:23:27","modified_gmt":"2026-03-12T11:23:27","slug":"presentation","status":"publish","type":"page","link":"https:\/\/mpca-tonybeaugrand.com\/index.php\/presentation\/","title":{"rendered":"Pr\u00e9sentation"},"content":{"rendered":"\n<p><\/p>\n\n\n\n<div class=\"wp-block-image\"><figure class=\"alignright size-full is-resized\"><img loading=\"lazy\" src=\"http:\/\/mpca-tonybeaugrand.com\/wp-content\/uploads\/2021\/10\/slide_2021_PCM_MC_1539.jpg\" alt=\"\" class=\"wp-image-314\" width=\"317\" height=\"490\" srcset=\"https:\/\/mpca-tonybeaugrand.com\/wp-content\/uploads\/2021\/10\/slide_2021_PCM_MC_1539.jpg 334w, https:\/\/mpca-tonybeaugrand.com\/wp-content\/uploads\/2021\/10\/slide_2021_PCM_MC_1539-194x300.jpg 194w\" sizes=\"(max-width: 317px) 100vw, 317px\" \/><\/figure><\/div>\n\n\n\n<div class=\"wp-block-columns\">\n<div class=\"wp-block-column\" style=\"flex-basis:100%\">\n<p class=\"has-text-align-left\">Je m\u2019appelle Tony beaugrand j\u2019ai actuellement 34 ans, et passionn\u00e9 par le sport automobile depuis toujours !<\/p>\n\n\n\n<p class=\"has-text-align-left\">J\u2019ai pu commencer \u00e0 \u00eatre dans le milieu automobile juste apr\u00e8s avoir eu 18 ans quand j\u2019ai achet\u00e9 ma 1\u00e8re voiture (Porsche Boxster). \u00c0 la suite de cela, j\u2019ai pu donc rouler sur les diff\u00e9rents circuits fran\u00e7ais sur des trackday. J\u2019ai tr\u00e8s vite progress\u00e9 et j\u2019ai d\u00e9cid\u00e9 en 2012 de louer une voiture de course (porsche carrera cup) pour voir ce que \u00e7a donnait et le niveau que je pouvais avoir. L\u2019exp\u00e9rience fut tr\u00e8s positive car je r\u00e9ussissais \u00e0 me battre avec des voitures de cat\u00e9gories sup\u00e9rieures d\u00e8s ma premi\u00e8re course.<\/p>\n\n\n\n<p class=\"has-text-align-left\">Mais faute de budget et de partenaires \u00e0 l\u2019\u00e9poque, j\u2019ai d\u00e9cid\u00e9, pour pouvoir vivre de ma passion, de passer le dipl\u00f4me de moniteur de pilotage automobile. J\u2019exerce donc depuis 2014 ce m\u00e9tier de passion pour pouvoir transmettre et partager mon exp\u00e9rience de plus en plus grande. Le m\u00e9tier est tr\u00e8s vari\u00e9, allant de la conduite s\u00e9curitaire sur route, en passant par des pr\u00e9sentations de mod\u00e8les pour des constructeurs, et va jusqu\u2019\u00e0 accompagner des clients en comp\u00e9tition avec du coaching. J\u2019ai pu effectuer une saison compl\u00e8te sur les meetings du Porsche club motorsport en cat\u00e9gorie Sport cup sur une Porsche 997 GT3 clubsport d\u2019un ami avec qui je partageais le volant en 2015.<\/p>\n\n\n\n<p class=\"has-text-align-left\">Depuis, je n\u2019ai pas pu rouler en comp\u00e9titions, mais j\u2019encadre de plus de clients sur des voitures de course de diff\u00e9rentes cat\u00e9gories.<\/p>\n\n\n\n<p class=\"has-text-align-left\">Pour continuer la comp\u00e9tition, j\u2019ai investi dans un simulateur que j\u2019ai install\u00e9 \u00e0 mon domicile. L\u00e0 encore les r\u00e9sultats sont toujours bons avec, entre autres, une qualification au ferrari esport series qui est un championnat europ\u00e9en. Je peux donc dire que j\u2019ai un niveau du top 20 europ\u00e9en.<\/p>\n<\/div>\n<\/div>\n\n\n\n<hr class=\"wp-block-separator has-text-color has-background has-white-background-color has-white-color\"\/>\n\n\n\n<hr class=\"wp-block-separator has-text-color has-background has-white-background-color has-white-color\"\/>\n\n\n\n<div class=\"wp-container-1 wp-block-group\"><div class=\"wp-block-group__inner-container\">\n<p>Mais durant les derni\u00e8res ann\u00e9es, je n\u2019ai jamais l\u00e2ch\u00e9 l\u2019objectif de rouler \u00e0 nouveau en courses. Je souhaite donc relancer le projet de rouler \u00e0 nouveau en course ce qui me permettra de :<\/p>\n\n\n\n<ul><li>Progresser techniquement d\u2019un point de vue personnel, car comme tous sports, plus on s\u2019entra\u00eene plus on progresse.<\/li><li>Voir le niveau r\u00e9el que j\u2019ai atteint sur des championnats relev\u00e9s.<\/li><li>En progressant, je permets \u00e9galement de faire profiter mes clients de cette nouvelle exp\u00e9rience.<\/li><\/ul>\n\n\n\n<p>L\u2019avantage que j\u2019ai par rapport \u00e0 de tout jeunes pilotes qui se lancent, c\u2019est que j\u2019ai d\u00e9j\u00e0 beaucoup d\u2019exp\u00e9rience. J\u2019ai donc un niveau de compr\u00e9hension de la course qui va m\u2019aider dans la saison.<\/p>\n\n\n\n<p>Je pourrais \u00e9galement partager tout ceci avec les diff\u00e9rents partenaires qui me suivront tout au long de l\u2019ann\u00e9e sur les diff\u00e9rents meetings de course, mais \u00e9galement sur des \u00e9v\u00e9nements que l\u2019on pourra organiser afin d\u2019inviter des clients ou prospects.<\/p>\n\n\n\n<p>Pour conclure, je dirais que je suis plus motiv\u00e9 que jamais, que j\u2019ai h\u00e2te de pouvoir vivre ces moments et les partager avec le plus grand nombre !<\/p>\n<\/div><\/div>\n","protected":false},"excerpt":{"rendered":"<p>Je m\u2019appelle Tony beaugrand j\u2019ai actuellement 34 ans, et passionn\u00e9 par le sport automobile depuis toujours ! J\u2019ai pu commencer \u00e0 \u00eatre dans le milieu automobile juste apr\u00e8s avoir eu 18 ans quand j\u2019ai achet\u00e9 ma 1\u00e8re voiture (Porsche Boxster). \u00c0 la suite de cela, j\u2019ai pu donc rouler sur les diff\u00e9rents circuits fran\u00e7ais sur <a href=\"https:\/\/mpca-tonybeaugrand.com\/index.php\/presentation\/\" rel=\"nofollow\"><span class=\"sr-only\">Read more about Pr\u00e9sentation<\/span>[&hellip;]<\/a><\/p>\n","protected":false},"author":4,"featured_media":0,"parent":0,"menu_order":0,"comment_status":"closed","ping_status":"closed","template":"","meta":[],"_links":{"self":[{"href":"https:\/\/mpca-tonybeaugrand.com\/index.php\/wp-json\/wp\/v2\/pages\/313"}],"collection":[{"href":"https:\/\/mpca-tonybeaugrand.com\/index.php\/wp-json\/wp\/v2\/pages"}],"about":[{"href":"https:\/\/mpca-tonybeaugrand.com\/index.php\/wp-json\/wp\/v2\/types\/page"}],"author":[{"embeddable":true,"href":"https:\/\/mpca-tonybeaugrand.com\/index.php\/wp-json\/wp\/v2\/users\/4"}],"replies":[{"embeddable":true,"href":"https:\/\/mpca-tonybeaugrand.com\/index.php\/wp-json\/wp\/v2\/comments?post=313"}],"version-history":[{"count":13,"href":"https:\/\/mpca-tonybeaugrand.com\/index.php\/wp-json\/wp\/v2\/pages\/313\/revisions"}],"predecessor-version":[{"id":358,"href":"https:\/\/mpca-tonybeaugrand.com\/index.php\/wp-json\/wp\/v2\/pages\/313\/revisions\/358"}],"wp:attachment":[{"href":"https:\/\/mpca-tonybeaugrand.com\/index.php\/wp-json\/wp\/v2\/media?parent=313"}],"curies":[{"name":"wp","href":"https:\/\/api.w.org\/{rel}","templated":true}]}}