{"id":28,"date":"2017-01-30T18:55:36","date_gmt":"2017-01-30T17:55:36","guid":{"rendered":"http:\/\/mpca-tonybeaugrand.com\/?page_id=28"},"modified":"2018-04-16T11:30:38","modified_gmt":"2018-04-16T09:30:38","slug":"constructeur-et-societes","status":"publish","type":"page","link":"https:\/\/mpca-tonybeaugrand.com\/index.php\/constructeur-et-societes\/","title":{"rendered":"Constructeurs et soci\u00e9t\u00e9s"},"content":{"rendered":"<p>Constructeurs :<br \/>\nPour les concessionnaires, je propose pour vos clients la prise en mains de leur v\u00e9hicule (neuf ou occasion) sur route et pour les marques sportives pourquoi pas un apr\u00e8s-midi sur circuit.<br \/>\nCela leur permet de conna\u00eetre parfaitement leur voiture pour une meilleure utilisation.<\/p>\n<p>Essais concessions :<br \/>\nMoins formels qu&#8217;un Commercial, le fait de demander \u00e0 un moniteur d&#8217;effectuer des essais avec les clients permet d&#8217;avoir un contact diff\u00e9rent avec ceux-ci.<br \/>\nIls se sentent plus en confiance.<br \/>\nDe plus, lors de journ\u00e9es portes ouvertes par exemple ou des p\u00e9riodes de grosse affluence cela permet de proposer plus d&#8217;essais et de lib\u00e9rer vos commerciaux qui seront plus disponibles pour les clients et d&#8217;effectuer des propositions commerciales.<\/p>\n<p>Soci\u00e9t\u00e9s :<br \/>\nPour les entreprises, je peux organiser diff\u00e9rentes animations et activit\u00e9s autour de l&#8217;automobile et du sport auto. Pour un s\u00e9minaire, remercier un collaborateur ou inviter des clients \u00e0 des exp\u00e9riences inoubliables, n&#8217;h\u00e9sitez pas \u00e0 me contacter pour que l&#8217;on puisse discuter ensemble de vos besoins et projets, ensuite je m&#8217;occupe de tout!<\/p>\n","protected":false},"excerpt":{"rendered":"<p>Constructeurs : Pour les concessionnaires, je propose pour vos clients la prise en mains de leur v\u00e9hicule (neuf ou occasion) sur route et pour les marques sportives pourquoi pas un apr\u00e8s-midi sur circuit. Cela leur permet de conna\u00eetre parfaitement leur voiture pour une meilleure utilisation. Essais concessions : Moins formels qu&#8217;un Commercial, le fait de <a href=\"https:\/\/mpca-tonybeaugrand.com\/index.php\/constructeur-et-societes\/\" rel=\"nofollow\"><span class=\"sr-only\">Read more about Constructeurs et soci\u00e9t\u00e9s<\/span>[&hellip;]<\/a><\/p>\n","protected":false},"author":3,"featured_media":0,"parent":0,"menu_order":0,"comment_status":"closed","ping_status":"closed","template":"","meta":[],"_links":{"self":[{"href":"https:\/\/mpca-tonybeaugrand.com\/index.php\/wp-json\/wp\/v2\/pages\/28"}],"collection":[{"href":"https:\/\/mpca-tonybeaugrand.com\/index.php\/wp-json\/wp\/v2\/pages"}],"about":[{"href":"https:\/\/mpca-tonybeaugrand.com\/index.php\/wp-json\/wp\/v2\/types\/page"}],"author":[{"embeddable":true,"href":"https:\/\/mpca-tonybeaugrand.com\/index.php\/wp-json\/wp\/v2\/users\/3"}],"replies":[{"embeddable":true,"href":"https:\/\/mpca-tonybeaugrand.com\/index.php\/wp-json\/wp\/v2\/comments?post=28"}],"version-history":[{"count":7,"href":"https:\/\/mpca-tonybeaugrand.com\/index.php\/wp-json\/wp\/v2\/pages\/28\/revisions"}],"predecessor-version":[{"id":284,"href":"https:\/\/mpca-tonybeaugrand.com\/index.php\/wp-json\/wp\/v2\/pages\/28\/revisions\/284"}],"wp:attachment":[{"href":"https:\/\/mpca-tonybeaugrand.com\/index.php\/wp-json\/wp\/v2\/media?parent=28"}],"curies":[{"name":"wp","href":"https:\/\/api.w.org\/{rel}","templated":true}]}}