{"id":26,"date":"2017-01-30T18:54:57","date_gmt":"2017-01-30T17:54:57","guid":{"rendered":"http:\/\/mpca-tonybeaugrand.com\/?page_id=26"},"modified":"2018-04-16T11:32:43","modified_gmt":"2018-04-16T09:32:43","slug":"simulation","status":"publish","type":"page","link":"https:\/\/mpca-tonybeaugrand.com\/index.php\/simulation\/","title":{"rendered":"Simulation"},"content":{"rendered":"<p>Tr\u00e8s en vogue en ce moment, et \u00e0 juste titre, les simulateurs permettent :<br \/>\n&#8211; d&#8217;apprendre les bases du pilotage et de faire du coaching \u00e0 moindre co\u00fbt<br \/>\n&#8211; d&#8217;apprendre de nouveaux circuits<br \/>\n&#8211; de cr\u00e9er une animation lors de diff\u00e9rents \u00e9v\u00e9nements (salons, portes ouvertes concessions, comit\u00e9s d&#8217;entreprises, s\u00e9minaires, galeries commerciales&#8230;).<\/p>\n<p>&nbsp;<\/p>\n<p>Pour pouvoir apporter quelque chose, il faut un simulateur de qualit\u00e9.<\/p>\n<p>C&#8217;est pour cela que j&#8217;ai choisi de proposer un tr\u00e8s bon simulateur statique plut\u00f4t qu&#8217;un mauvais dynamique.<br \/>\nVoici les principales caract\u00e9ristiques du simulateur :<br \/>\n&#8211; \u00e9cran 49 pouces 4K pour une immersion et une pr\u00e9cision parfaite<br \/>\n&#8211; ch\u00e2ssis rigide avec si\u00e8ge baquet enti\u00e8rement r\u00e9glable<br \/>\n&#8211; son 5.1 pour \u00eatre au c\u0153ur de l&#8217;action (ou casque pour \u00e9viter le bruit!)<br \/>\n&#8211; volant GT ou F1 disponible en fonction des voitures. Mont\u00e9 sur un bloc moteur puissant qui permet de restituer et ressentir tous les mouvements de la voiture et asp\u00e9rit\u00e9s de la piste<br \/>\n&#8211; p\u00e9dalier trois p\u00e9dales comme une &#8220;vraie voiture&#8221; avec kit hydraulique pour un ressenti des freins tr\u00e8s pr\u00e9cis.<\/p>\n<p><a href=\"http:\/\/mpca-tonybeaugrand.com\/wp-content\/uploads\/2017\/08\/CSP-V3.jpg\"><img loading=\"lazy\" class=\"wp-image-213 size-medium alignnone\" src=\"http:\/\/mpca-tonybeaugrand.com\/wp-content\/uploads\/2017\/08\/CSP-V3-300x200.jpg\" alt=\"\" width=\"300\" height=\"200\" srcset=\"https:\/\/mpca-tonybeaugrand.com\/wp-content\/uploads\/2017\/08\/CSP-V3-300x200.jpg 300w, https:\/\/mpca-tonybeaugrand.com\/wp-content\/uploads\/2017\/08\/CSP-V3-768x511.jpg 768w, https:\/\/mpca-tonybeaugrand.com\/wp-content\/uploads\/2017\/08\/CSP-V3-750x500.jpg 750w, https:\/\/mpca-tonybeaugrand.com\/wp-content\/uploads\/2017\/08\/CSP-V3.jpg 1000w\" sizes=\"(max-width: 300px) 100vw, 300px\" \/><\/a><a href=\"http:\/\/mpca-tonybeaugrand.com\/wp-content\/uploads\/2017\/08\/volant.jpg\"><img loading=\"lazy\" class=\"wp-image-217 size-medium alignright\" src=\"http:\/\/mpca-tonybeaugrand.com\/wp-content\/uploads\/2017\/08\/volant-300x200.jpg\" alt=\"\" width=\"300\" height=\"200\" srcset=\"https:\/\/mpca-tonybeaugrand.com\/wp-content\/uploads\/2017\/08\/volant-300x200.jpg 300w, https:\/\/mpca-tonybeaugrand.com\/wp-content\/uploads\/2017\/08\/volant-768x512.jpg 768w, https:\/\/mpca-tonybeaugrand.com\/wp-content\/uploads\/2017\/08\/volant.jpg 1024w, https:\/\/mpca-tonybeaugrand.com\/wp-content\/uploads\/2017\/08\/volant-750x500.jpg 750w\" sizes=\"(max-width: 300px) 100vw, 300px\" \/><\/a><\/p>\n<p>Tous ces \u00e9quipements fonctionnent gr\u00e2ce \u00e0 un ordinateur avec les meilleurs simulations actuelles.<\/p>\n<p>\u00c9tant moi-m\u00eame pilote, je suis tr\u00e8s exigeant et pointilleux sur le ressenti par rapport \u00e0 la r\u00e9alit\u00e9.<\/p>\n<p>Mais un simulateur sans analyse de la conduite n&#8217;est qu&#8217;\u00e0 moiti\u00e9 efficace. C&#8217;est pourquoi je vous propose mes conseils pendant son utilisation. Une pratique rare dans le milieu.<\/p>\n<p>Ce n&#8217;est donc pas un jeu, mais un v\u00e9ritable outil!!!<\/p>\n<p>&nbsp;<\/p>\n<hr \/>\n<p><span style=\"font-size: 16pt;\">Tarifs d&#8217;utilisation du simulateur<\/span><\/p>\n<p>prestation simulateur dans mes locaux : uniquement sur rendez-vous.<\/p>\n<p>1h00 de d\u00e9couverte : 100\u20ac<\/p>\n<p>Demi-journ\u00e9e coaching\u00a0(environ 3h00, minimum) : 250\u20ac<\/p>\n<p>Journ\u00e9e compl\u00e8te : 450\u20ac<\/p>\n<p>&nbsp;<\/p>\n<p>Pack privatisation : devis personnalis\u00e9 en fonction :<br \/>\n&#8211; de la dur\u00e9e (\u00e0 partir d&#8217;une journ\u00e9e jusqu&#8217;\u00e0 un nombre de jours \u00e0 d\u00e9terminer)<br \/>\n&#8211; du d\u00e9placement<br \/>\n&#8211; de la prestation \u00e0 effectuer sur place (plage horaire d&#8217;utilisation, animation particuli\u00e8re&#8230;)<\/p>\n","protected":false},"excerpt":{"rendered":"<p>Tr\u00e8s en vogue en ce moment, et \u00e0 juste titre, les simulateurs permettent : &#8211; d&#8217;apprendre les bases du pilotage et de faire du coaching \u00e0 moindre co\u00fbt &#8211; d&#8217;apprendre de nouveaux circuits &#8211; de cr\u00e9er une animation lors de diff\u00e9rents \u00e9v\u00e9nements (salons, portes ouvertes concessions, comit\u00e9s d&#8217;entreprises, s\u00e9minaires, galeries commerciales&#8230;). &nbsp; Pour pouvoir apporter <a href=\"https:\/\/mpca-tonybeaugrand.com\/index.php\/simulation\/\" rel=\"nofollow\"><span class=\"sr-only\">Read more about Simulation<\/span>[&hellip;]<\/a><\/p>\n","protected":false},"author":3,"featured_media":0,"parent":0,"menu_order":0,"comment_status":"closed","ping_status":"closed","template":"","meta":[],"_links":{"self":[{"href":"https:\/\/mpca-tonybeaugrand.com\/index.php\/wp-json\/wp\/v2\/pages\/26"}],"collection":[{"href":"https:\/\/mpca-tonybeaugrand.com\/index.php\/wp-json\/wp\/v2\/pages"}],"about":[{"href":"https:\/\/mpca-tonybeaugrand.com\/index.php\/wp-json\/wp\/v2\/types\/page"}],"author":[{"embeddable":true,"href":"https:\/\/mpca-tonybeaugrand.com\/index.php\/wp-json\/wp\/v2\/users\/3"}],"replies":[{"embeddable":true,"href":"https:\/\/mpca-tonybeaugrand.com\/index.php\/wp-json\/wp\/v2\/comments?post=26"}],"version-history":[{"count":14,"href":"https:\/\/mpca-tonybeaugrand.com\/index.php\/wp-json\/wp\/v2\/pages\/26\/revisions"}],"predecessor-version":[{"id":288,"href":"https:\/\/mpca-tonybeaugrand.com\/index.php\/wp-json\/wp\/v2\/pages\/26\/revisions\/288"}],"wp:attachment":[{"href":"https:\/\/mpca-tonybeaugrand.com\/index.php\/wp-json\/wp\/v2\/media?parent=26"}],"curies":[{"name":"wp","href":"https:\/\/api.w.org\/{rel}","templated":true}]}}