{"id":24,"date":"2017-01-30T18:54:42","date_gmt":"2017-01-30T17:54:42","guid":{"rendered":"http:\/\/mpca-tonybeaugrand.com\/?page_id=24"},"modified":"2021-10-15T16:40:58","modified_gmt":"2021-10-15T14:40:58","slug":"location-de-voiture","status":"publish","type":"page","link":"https:\/\/mpca-tonybeaugrand.com\/index.php\/location-de-voiture\/","title":{"rendered":"Location de voiture"},"content":{"rendered":"<p>Si vous souhaitez rouler sur circuit mais que vous n&#8217;avez pas de v\u00e9hicule, ou ne souhaitez pas utiliser le v\u00f4tre, vous \u00eates au bon endroit. Je vous propose des solutions cl\u00e9 en main. Venez sur le circuit, roulez toute la journ\u00e9e, tout est inclus !<\/p>\n<p><a href=\"http:\/\/mpca-tonybeaugrand.com\/wp-content\/uploads\/2017\/08\/slide_IMG_0748.jpg\"><img loading=\"lazy\" class=\"size-full wp-image-209 aligncenter\" src=\"http:\/\/mpca-tonybeaugrand.com\/wp-content\/uploads\/2017\/08\/slide_IMG_0748.jpg\" alt=\"\" width=\"640\" height=\"329\" srcset=\"https:\/\/mpca-tonybeaugrand.com\/wp-content\/uploads\/2017\/08\/slide_IMG_0748.jpg 640w, https:\/\/mpca-tonybeaugrand.com\/wp-content\/uploads\/2017\/08\/slide_IMG_0748-300x154.jpg 300w\" sizes=\"(max-width: 640px) 100vw, 640px\" \/><\/a><\/p>\n<p style=\"text-align: center;\"><em><strong>Il s&#8217;agit d&#8217;une prestation sur demande, n&#8217;h\u00e9sitez \u00e0 me contacter pour de renseignements.\u00a0<\/strong><\/em><\/p>\n","protected":false},"excerpt":{"rendered":"<p>Si vous souhaitez rouler sur circuit mais que vous n&#8217;avez pas de v\u00e9hicule, ou ne souhaitez pas utiliser le v\u00f4tre, vous \u00eates au bon endroit. Je vous propose des solutions cl\u00e9 en main. Venez sur le circuit, roulez toute la journ\u00e9e, tout est inclus ! Il s&#8217;agit d&#8217;une prestation sur demande, n&#8217;h\u00e9sitez \u00e0 me contacter <a href=\"https:\/\/mpca-tonybeaugrand.com\/index.php\/location-de-voiture\/\" rel=\"nofollow\"><span class=\"sr-only\">Read more about Location de voiture<\/span>[&hellip;]<\/a><\/p>\n","protected":false},"author":3,"featured_media":0,"parent":0,"menu_order":0,"comment_status":"closed","ping_status":"closed","template":"","meta":[],"_links":{"self":[{"href":"https:\/\/mpca-tonybeaugrand.com\/index.php\/wp-json\/wp\/v2\/pages\/24"}],"collection":[{"href":"https:\/\/mpca-tonybeaugrand.com\/index.php\/wp-json\/wp\/v2\/pages"}],"about":[{"href":"https:\/\/mpca-tonybeaugrand.com\/index.php\/wp-json\/wp\/v2\/types\/page"}],"author":[{"embeddable":true,"href":"https:\/\/mpca-tonybeaugrand.com\/index.php\/wp-json\/wp\/v2\/users\/3"}],"replies":[{"embeddable":true,"href":"https:\/\/mpca-tonybeaugrand.com\/index.php\/wp-json\/wp\/v2\/comments?post=24"}],"version-history":[{"count":12,"href":"https:\/\/mpca-tonybeaugrand.com\/index.php\/wp-json\/wp\/v2\/pages\/24\/revisions"}],"predecessor-version":[{"id":343,"href":"https:\/\/mpca-tonybeaugrand.com\/index.php\/wp-json\/wp\/v2\/pages\/24\/revisions\/343"}],"wp:attachment":[{"href":"https:\/\/mpca-tonybeaugrand.com\/index.php\/wp-json\/wp\/v2\/media?parent=24"}],"curies":[{"name":"wp","href":"https:\/\/api.w.org\/{rel}","templated":true}]}}