{"id":22,"date":"2017-01-30T18:54:22","date_gmt":"2017-01-30T17:54:22","guid":{"rendered":"http:\/\/mpca-tonybeaugrand.com\/?page_id=22"},"modified":"2018-05-23T12:23:51","modified_gmt":"2018-05-23T10:23:51","slug":"coaching","status":"publish","type":"page","link":"https:\/\/mpca-tonybeaugrand.com\/index.php\/coaching\/","title":{"rendered":"Coaching"},"content":{"rendered":"<p><span style=\"font-size: 17pt;\"><a href=\"http:\/\/mpca-tonybeaugrand.com\/wp-content\/uploads\/2017\/03\/slide_D_PELL-0093.jpg\"><img loading=\"lazy\" class=\"alignright wp-image-155\" src=\"http:\/\/mpca-tonybeaugrand.com\/wp-content\/uploads\/2017\/03\/slide_D_PELL-0093.jpg\" alt=\"\" width=\"550\" height=\"367\" srcset=\"https:\/\/mpca-tonybeaugrand.com\/wp-content\/uploads\/2017\/03\/slide_D_PELL-0093.jpg 1024w, https:\/\/mpca-tonybeaugrand.com\/wp-content\/uploads\/2017\/03\/slide_D_PELL-0093-300x200.jpg 300w, https:\/\/mpca-tonybeaugrand.com\/wp-content\/uploads\/2017\/03\/slide_D_PELL-0093-768x512.jpg 768w, https:\/\/mpca-tonybeaugrand.com\/wp-content\/uploads\/2017\/03\/slide_D_PELL-0093-750x500.jpg 750w\" sizes=\"(max-width: 550px) 100vw, 550px\" \/><\/a>Voici le c\u0153ur de mon m\u00e9tier et la raison pour laquelle je suis moniteur aujourd&#8217;hui.<\/span><\/p>\n<p><span style=\"font-size: 17pt;\">Je vous accompagnerais lors d&#8217;une journ\u00e9e \u00abtrackday\u00bb pour vous apprendre, conseiller, d\u00e9tailler le pilotage automobile sur circuit.<\/span><\/p>\n<p style=\"text-align: left;\"><span style=\"font-size: 17pt;\">Que vous soyez d\u00e9butant ou que vous souhaitiez vous perfectionner en vue d&#8217;une comp\u00e9tition, je m&#8217;adapterai \u00e0 vos besoins pour vous faire progresser.<\/span><\/p>\n<p style=\"text-align: left;\"><span style=\"font-size: 17pt;\">Et ce, quelle que soit votre voiture. De la sportive de route en passant par les GT jusqu&#8217;aux voitures de comp\u00e9titions.<\/span><\/p>\n<div class=\"centrer\" style=\"text-align: center; padding: 20px;\"><\/div>\n<p style=\"text-align: left;\"><span style=\"font-size: 17pt;\"><a href=\"http:\/\/mpca-tonybeaugrand.com\/wp-content\/uploads\/2017\/03\/slide_IMG_3938.jpg\"><img loading=\"lazy\" class=\"alignleft wp-image-146\" src=\"http:\/\/mpca-tonybeaugrand.com\/wp-content\/uploads\/2017\/03\/slide_IMG_3938.jpg\" alt=\"\" width=\"550\" height=\"367\" srcset=\"https:\/\/mpca-tonybeaugrand.com\/wp-content\/uploads\/2017\/03\/slide_IMG_3938.jpg 1024w, https:\/\/mpca-tonybeaugrand.com\/wp-content\/uploads\/2017\/03\/slide_IMG_3938-300x200.jpg 300w, https:\/\/mpca-tonybeaugrand.com\/wp-content\/uploads\/2017\/03\/slide_IMG_3938-768x512.jpg 768w, https:\/\/mpca-tonybeaugrand.com\/wp-content\/uploads\/2017\/03\/slide_IMG_3938-750x500.jpg 750w\" sizes=\"(max-width: 550px) 100vw, 550px\" \/><\/a><\/span><span style=\"font-size: 17pt;\">Vous n&#8217;avez pas de v\u00e9hicule adapt\u00e9 au roulage sur circuit ou vous ne souhaitez pas utiliser le v\u00f4tre, visitez la <a href=\"http:\/\/mpca-tonybeaugrand.com\/index.php\/location-de-voiture\/\">page location<\/a>.<br \/>\n<\/span><\/p>\n<div class=\"centrer\" style=\"text-align: center; padding: 17px;\"><\/div>\n<p style=\"text-align: left;\"><span style=\"font-size: 17pt;\">N&#8217;h\u00e9sitez pas \u00e0 me contacter pour toutes demandes d&#8217;informations suppl\u00e9mentaires ou devis personnalis\u00e9s.<\/span><\/p>\n<div class=\"centrer\" style=\"text-align: center; padding: 17px;\"><\/div>\n<p style=\"text-align: left;\"><span style=\"font-size: 17pt;\">A bient\u00f4t sur la piste!<\/span><\/p>\n","protected":false},"excerpt":{"rendered":"<p>Voici le c\u0153ur de mon m\u00e9tier et la raison pour laquelle je suis moniteur aujourd&#8217;hui. Je vous accompagnerais lors d&#8217;une journ\u00e9e \u00abtrackday\u00bb pour vous apprendre, conseiller, d\u00e9tailler le pilotage automobile sur circuit. Que vous soyez d\u00e9butant ou que vous souhaitiez vous perfectionner en vue d&#8217;une comp\u00e9tition, je m&#8217;adapterai \u00e0 vos besoins pour vous faire progresser. <a href=\"https:\/\/mpca-tonybeaugrand.com\/index.php\/coaching\/\" rel=\"nofollow\"><span class=\"sr-only\">Read more about Coaching<\/span>[&hellip;]<\/a><\/p>\n","protected":false},"author":3,"featured_media":0,"parent":0,"menu_order":0,"comment_status":"closed","ping_status":"closed","template":"","meta":[],"_links":{"self":[{"href":"https:\/\/mpca-tonybeaugrand.com\/index.php\/wp-json\/wp\/v2\/pages\/22"}],"collection":[{"href":"https:\/\/mpca-tonybeaugrand.com\/index.php\/wp-json\/wp\/v2\/pages"}],"about":[{"href":"https:\/\/mpca-tonybeaugrand.com\/index.php\/wp-json\/wp\/v2\/types\/page"}],"author":[{"embeddable":true,"href":"https:\/\/mpca-tonybeaugrand.com\/index.php\/wp-json\/wp\/v2\/users\/3"}],"replies":[{"embeddable":true,"href":"https:\/\/mpca-tonybeaugrand.com\/index.php\/wp-json\/wp\/v2\/comments?post=22"}],"version-history":[{"count":16,"href":"https:\/\/mpca-tonybeaugrand.com\/index.php\/wp-json\/wp\/v2\/pages\/22\/revisions"}],"predecessor-version":[{"id":357,"href":"https:\/\/mpca-tonybeaugrand.com\/index.php\/wp-json\/wp\/v2\/pages\/22\/revisions\/357"}],"wp:attachment":[{"href":"https:\/\/mpca-tonybeaugrand.com\/index.php\/wp-json\/wp\/v2\/media?parent=22"}],"curies":[{"name":"wp","href":"https:\/\/api.w.org\/{rel}","templated":true}]}}