{"id":20,"date":"2017-01-30T18:54:07","date_gmt":"2017-01-30T17:54:07","guid":{"rendered":"http:\/\/mpca-tonybeaugrand.com\/?page_id=20"},"modified":"2021-10-15T16:29:10","modified_gmt":"2021-10-15T14:29:10","slug":"services","status":"publish","type":"page","link":"https:\/\/mpca-tonybeaugrand.com\/index.php\/services\/","title":{"rendered":"Services"},"content":{"rendered":"<p style=\"text-align: left;\">Voici sur cette page les diff\u00e9rentes parties de mon activit\u00e9, et les services que je vous propose. N&#8217;h\u00e9sitez pas \u00e0 me contacter pour toutes autres demandes.<\/p>\n<p>\u00a0<\/p>\n\n\n<div class=\"wp-container-1 wp-block-buttons\"><\/div>\n\n\n\n<div class=\"wp-container-2 wp-block-buttons\">\n<div class=\"wp-block-button\"><a class=\"wp-block-button__link\" href=\"http:\/\/mpca-tonybeaugrand.com\/index.php\/coaching\/\">Coaching<\/a><\/div>\n\n\n\n<div class=\"wp-block-button\"><a class=\"wp-block-button__link\" href=\"http:\/\/mpca-tonybeaugrand.com\/index.php\/simulation\/\">Simulation<\/a><\/div>\n\n\n\n<div class=\"wp-block-button\"><a class=\"wp-block-button__link\" href=\"http:\/\/mpca-tonybeaugrand.com\/index.php\/location-de-voiture\/\">Location de voiture<\/a><\/div>\n\n\n\n<div class=\"wp-block-button\"><a class=\"wp-block-button__link\" href=\"http:\/\/mpca-tonybeaugrand.com\/index.php\/constructeur-et-societes\/\">Constructeurs et soci\u00e9t\u00e9s <\/a><\/div>\n<\/div>\n","protected":false},"excerpt":{"rendered":"<p>Voici sur cette page les diff\u00e9rentes parties de mon activit\u00e9, et les services que je vous propose. N&#8217;h\u00e9sitez pas \u00e0 me contacter pour toutes autres demandes. \u00a0<\/p>\n","protected":false},"author":3,"featured_media":0,"parent":0,"menu_order":0,"comment_status":"closed","ping_status":"closed","template":"","meta":[],"_links":{"self":[{"href":"https:\/\/mpca-tonybeaugrand.com\/index.php\/wp-json\/wp\/v2\/pages\/20"}],"collection":[{"href":"https:\/\/mpca-tonybeaugrand.com\/index.php\/wp-json\/wp\/v2\/pages"}],"about":[{"href":"https:\/\/mpca-tonybeaugrand.com\/index.php\/wp-json\/wp\/v2\/types\/page"}],"author":[{"embeddable":true,"href":"https:\/\/mpca-tonybeaugrand.com\/index.php\/wp-json\/wp\/v2\/users\/3"}],"replies":[{"embeddable":true,"href":"https:\/\/mpca-tonybeaugrand.com\/index.php\/wp-json\/wp\/v2\/comments?post=20"}],"version-history":[{"count":7,"href":"https:\/\/mpca-tonybeaugrand.com\/index.php\/wp-json\/wp\/v2\/pages\/20\/revisions"}],"predecessor-version":[{"id":338,"href":"https:\/\/mpca-tonybeaugrand.com\/index.php\/wp-json\/wp\/v2\/pages\/20\/revisions\/338"}],"wp:attachment":[{"href":"https:\/\/mpca-tonybeaugrand.com\/index.php\/wp-json\/wp\/v2\/media?parent=20"}],"curies":[{"name":"wp","href":"https:\/\/api.w.org\/{rel}","templated":true}]}}